{"id":1748,"date":"2022-10-04T11:29:03","date_gmt":"2022-10-04T09:29:03","guid":{"rendered":"https:\/\/politeia.unimi.it\/?page_id=1748"},"modified":"2025-07-31T10:23:20","modified_gmt":"2025-07-31T08:23:20","slug":"conferences-workshops-training-activities","status":"publish","type":"page","link":"https:\/\/politeia.unimi.it\/en\/conferences-workshops-training-activities\/","title":{"rendered":"Conferences, Workshops, Training Activities"},"content":{"rendered":"<div class=\"article__list\"><article role=\"article\" id=\"post-2006\" class=\"post-2006 post type-post status-publish format-standard has-post-thumbnail hentry category-terza-missione category-training-activities\">\n    <div class=\"article__inner\">\n                    <figure class=\"article__image\">\n                <a href=\"https:\/\/politeia.unimi.it\/en\/2025\/07\/31\/the-greeks-the-polis-and-the-idea-of-citizenship\/\" title=\"Link to The Greeks, the polis, and the idea of citizenship\">\n                    <img loading=\"lazy\" decoding=\"async\" width=\"360\" height=\"150\" src=\"https:\/\/politeia.unimi.it\/wp-content\/uploads\/sites\/34\/2025\/07\/Ancient_Greece_Marble_Funerary_Stele_of_the_Procleides_family_350-325_BC_found_near_Dipylon_Gate_Athens-360x150.jpg\" class=\"attachment-thumbnail size-thumbnail wp-post-image\" alt=\"\" \/>                <\/a>\n            <\/figure>\n                <div class=\"article__content\">\n\n                            <span class=\"article__type\">\n                                                            Terza missione, Training activities                <\/span>\n            \n            \n                        <div class=\"article__title\"><a href=\"https:\/\/politeia.unimi.it\/en\/2025\/07\/31\/the-greeks-the-polis-and-the-idea-of-citizenship\/\">The Greeks, the polis, and the idea of citizenship<\/a><\/div>\n            <p>Michele Faraguna History in the Classroom: Learning Pathways for the First Two Years of Upper Secondary School Universit\u00e0 degli studi di Parma<\/p>\n            <a class=\"more__link\" href=\"https:\/\/politeia.unimi.it\/en\/2025\/07\/31\/the-greeks-the-polis-and-the-idea-of-citizenship\/\" aria-label=\"Read more\">\n                Read more            <\/a>\n                    <\/div>\n    <\/div>\n<\/article>\n<article role=\"article\" id=\"post-2048\" class=\"post-2048 post type-post status-publish format-standard has-post-thumbnail hentry category-conference tag-ancient-greek-law-en tag-citizenship-en tag-citizenship-in-the-greek-world-en\">\n    <div class=\"article__inner\">\n                    <figure class=\"article__image\">\n                <a href=\"https:\/\/politeia.unimi.it\/en\/2025\/06\/06\/sharing-in-the-polis-citizenship-and-forms-of-civic-participation-in-the-greek-world\/\" title=\"Link to &#8216;Sharing in the polis\u2019. Citizenship and forms of civic participation in the Greek world\">\n                    <img loading=\"lazy\" decoding=\"async\" width=\"360\" height=\"150\" src=\"https:\/\/politeia.unimi.it\/wp-content\/uploads\/sites\/34\/2022\/11\/Kleroterion-EM-360x150.jpg\" class=\"attachment-thumbnail size-thumbnail wp-post-image\" alt=\"\" \/>                <\/a>\n            <\/figure>\n                <div class=\"article__content\">\n\n                            <span class=\"article__type\">\n                                                            Conference                <\/span>\n            \n            \n                        <div class=\"article__title\"><a href=\"https:\/\/politeia.unimi.it\/en\/2025\/06\/06\/sharing-in-the-polis-citizenship-and-forms-of-civic-participation-in-the-greek-world\/\">&#8216;Sharing in the polis\u2019. Citizenship and forms of civic participation in the Greek world<\/a><\/div>\n            <p>International conference PRIN 2020 \u2013 &#8216;Sharing in the community&#8217;: citizenship and society in the Greek world (VII-II century BC) \u2013 16\u201318 June 2025 Aula 113 &#8211; Via Festa del Perdono,...<\/p>\n            <a class=\"more__link\" href=\"https:\/\/politeia.unimi.it\/en\/2025\/06\/06\/sharing-in-the-polis-citizenship-and-forms-of-civic-participation-in-the-greek-world\/\" aria-label=\"Read more\">\n                Read more            <\/a>\n                    <\/div>\n    <\/div>\n<\/article>\n<article role=\"article\" id=\"post-2049\" class=\"post-2049 post type-post status-publish format-standard has-post-thumbnail hentry category-conference tag-citizenship-in-the-greek-world-en tag-land-and-citizenship-en\">\n    <div class=\"article__inner\">\n                    <figure class=\"article__image\">\n                <a href=\"https:\/\/politeia.unimi.it\/en\/2024\/12\/16\/presentazione-prin-terra-e-cittadinanza-a-convegno-dipartimentale-della-ricerca-unimi\/\" title=\"Link to Presentation of the PRIN project Land and Citizenship at the Departmental Research Conference, University of Milan\">\n                    <img loading=\"lazy\" decoding=\"async\" width=\"360\" height=\"150\" src=\"https:\/\/politeia.unimi.it\/wp-content\/uploads\/sites\/34\/2024\/12\/Locandina_Terza_Giornata-Dipartimentale-della-Ricerca-360x150.jpg\" class=\"attachment-thumbnail size-thumbnail wp-post-image\" alt=\"\" \/>                <\/a>\n            <\/figure>\n                <div class=\"article__content\">\n\n                            <span class=\"article__type\">\n                                                            Conference                <\/span>\n            \n            \n                        <div class=\"article__title\"><a href=\"https:\/\/politeia.unimi.it\/en\/2024\/12\/16\/presentazione-prin-terra-e-cittadinanza-a-convegno-dipartimentale-della-ricerca-unimi\/\">Presentation of the PRIN project Land and Citizenship at the Departmental Research Conference, University of Milan<\/a><\/div>\n            <p>Michele Faraguna, Donatella Erdas \u2018Sharing in the community\u2019: citizenship and society in the Greek world (VII-II century BC): prospettive e risultati della ricerca Third Research Day \u2013 Department of Literary,...<\/p>\n            <a class=\"more__link\" href=\"https:\/\/politeia.unimi.it\/en\/2024\/12\/16\/presentazione-prin-terra-e-cittadinanza-a-convegno-dipartimentale-della-ricerca-unimi\/\" aria-label=\"Read more\">\n                Read more            <\/a>\n                    <\/div>\n    <\/div>\n<\/article>\n<article role=\"article\" id=\"post-2050\" class=\"post-2050 post type-post status-publish format-standard has-post-thumbnail hentry category-lecture tag-citizenship-in-the-greek-world-en tag-land-and-citizenship-en\">\n    <div class=\"article__inner\">\n                    <figure class=\"article__image\">\n                <a href=\"https:\/\/politeia.unimi.it\/en\/2024\/12\/16\/seminario-su-terra-e-cittadinanza-unisi\/\" title=\"Link to Seminar on Land and Citizenship, University of Siena\">\n                    <img loading=\"lazy\" decoding=\"async\" width=\"360\" height=\"150\" src=\"https:\/\/politeia.unimi.it\/wp-content\/uploads\/sites\/34\/2024\/12\/3-dicembre-Faraguna-360x150.jpg\" class=\"attachment-thumbnail size-thumbnail wp-post-image\" alt=\"\" \/>                <\/a>\n            <\/figure>\n                <div class=\"article__content\">\n\n                            <span class=\"article__type\">\n                                                            Lecture                <\/span>\n            \n            \n                        <div class=\"article__title\"><a href=\"https:\/\/politeia.unimi.it\/en\/2024\/12\/16\/seminario-su-terra-e-cittadinanza-unisi\/\">Seminar on Land and Citizenship, University of Siena<\/a><\/div>\n            <p>Michele Faraguna (Universit\u00e0 degli studi di Milano) Terra e cittadinanza: aspetti del processo di istituzionalizzazione della polis Seminari del marted\u00ec Tuesday, 3 December 2024, 4:00\u20136:00 PM Universit\u00e0 degli Studi di...<\/p>\n            <a class=\"more__link\" href=\"https:\/\/politeia.unimi.it\/en\/2024\/12\/16\/seminario-su-terra-e-cittadinanza-unisi\/\" aria-label=\"Read more\">\n                Read more            <\/a>\n                    <\/div>\n    <\/div>\n<\/article>\n<article role=\"article\" id=\"post-2067\" class=\"post-2067 post type-post status-publish format-standard has-post-thumbnail hentry category-conference tag-ancient-greek-law-en\">\n    <div class=\"article__inner\">\n                    <figure class=\"article__image\">\n                <a href=\"https:\/\/politeia.unimi.it\/en\/2024\/08\/28\/symposion-2024\/\" title=\"Link to Symposion 2024\">\n                    <img loading=\"lazy\" decoding=\"async\" width=\"360\" height=\"150\" src=\"https:\/\/politeia.unimi.it\/wp-content\/uploads\/sites\/34\/2024\/08\/Locandina_Symposion_2024-e1724796806450-360x150.jpg\" class=\"attachment-thumbnail size-thumbnail wp-post-image\" alt=\"\" \/>                <\/a>\n            <\/figure>\n                <div class=\"article__content\">\n\n                            <span class=\"article__type\">\n                                                            Conference                <\/span>\n            \n            \n                        <div class=\"article__title\"><a href=\"https:\/\/politeia.unimi.it\/en\/2024\/08\/28\/symposion-2024\/\">Symposion 2024<\/a><\/div>\n            <p>XXIV Convegno della Societ\u00e0 Internazionale di Storia del Diritto greco ed ellenistico \/ 24th Meeting of the Society for Greek and Hellenistic Legal History, , Universit\u00e0 degli Studi di Milano...<\/p>\n            <a class=\"more__link\" href=\"https:\/\/politeia.unimi.it\/en\/2024\/08\/28\/symposion-2024\/\" aria-label=\"Read more\">\n                Read more            <\/a>\n                    <\/div>\n    <\/div>\n<\/article>\n<article role=\"article\" id=\"post-2051\" class=\"post-2051 post type-post status-publish format-standard has-post-thumbnail hentry category-conference tag-ancient-greek-law-en tag-citizenship-en\">\n    <div class=\"article__inner\">\n                    <figure class=\"article__image\">\n                <a href=\"https:\/\/politeia.unimi.it\/en\/2024\/06\/21\/teoria-e-prassi-della-cittadinanza-nel-mondo-greco\/\" title=\"Link to Conference on Theory and Practice of Citizenship in the Greek World\">\n                    <img loading=\"lazy\" decoding=\"async\" width=\"248\" height=\"150\" src=\"https:\/\/politeia.unimi.it\/wp-content\/uploads\/sites\/34\/2024\/06\/Locandina_Cattolica_2024-e1718966022612-248x150.jpg\" class=\"attachment-thumbnail size-thumbnail wp-post-image\" alt=\"\" \/>                <\/a>\n            <\/figure>\n                <div class=\"article__content\">\n\n                            <span class=\"article__type\">\n                                                            Conference                <\/span>\n            \n            \n                        <div class=\"article__title\"><a href=\"https:\/\/politeia.unimi.it\/en\/2024\/06\/21\/teoria-e-prassi-della-cittadinanza-nel-mondo-greco\/\">Conference on Theory and Practice of Citizenship in the Greek World<\/a><\/div>\n            <p>Convegno Milano, Universit\u00e0 Cattolica del Sacro Cuore 1-2 luglio 2024 Via Nirone, 15, &nbsp;Aula NI.110-111 &#8211; Milano<\/p>\n            <a class=\"more__link\" href=\"https:\/\/politeia.unimi.it\/en\/2024\/06\/21\/teoria-e-prassi-della-cittadinanza-nel-mondo-greco\/\" aria-label=\"Read more\">\n                Read more            <\/a>\n                    <\/div>\n    <\/div>\n<\/article>\n<article role=\"article\" id=\"post-2054\" class=\"post-2054 post type-post status-publish format-standard has-post-thumbnail hentry category-lecture tag-ancient-greek-law-en tag-land-and-citizenship-en tag-laws-en\">\n    <div class=\"article__inner\">\n                    <figure class=\"article__image\">\n                <a href=\"https:\/\/politeia.unimi.it\/en\/2024\/02\/13\/le-lien-entre-la-citoyennete-et-la-terre-dans-le-monde-des-cites-grecques\/\" title=\"Link to Le lien entre la citoyennet\u00e9 et la terre dans le monde des cit\u00e9s grecques\">\n                    <img loading=\"lazy\" decoding=\"async\" width=\"360\" height=\"150\" src=\"https:\/\/politeia.unimi.it\/wp-content\/uploads\/sites\/34\/2024\/02\/Screenshot_Faraguna_Nanterre-360x150.png\" class=\"attachment-thumbnail size-thumbnail wp-post-image\" alt=\"\" \/>                <\/a>\n            <\/figure>\n                <div class=\"article__content\">\n\n                            <span class=\"article__type\">\n                                                            Lecture                <\/span>\n            \n            \n                        <div class=\"article__title\"><a href=\"https:\/\/politeia.unimi.it\/en\/2024\/02\/13\/le-lien-entre-la-citoyennete-et-la-terre-dans-le-monde-des-cites-grecques\/\">Le lien entre la citoyennet\u00e9 et la terre dans le monde des cit\u00e9s grecques<\/a><\/div>\n            <p>Universit\u00e9 Paris Nanterre, salle 1 du b\u00e2timent Max Weber vendredi 2 f\u00e9vrier 2024 de 10h \u00e0 13h Pr. Michele FARAGUNA (Professeur d\u2019histoire grecque \u00e0 l\u2019Universit\u00e0 degli Studi di Milano) \u201cLand...<\/p>\n            <a class=\"more__link\" href=\"https:\/\/politeia.unimi.it\/en\/2024\/02\/13\/le-lien-entre-la-citoyennete-et-la-terre-dans-le-monde-des-cites-grecques\/\" aria-label=\"Read more\">\n                Read more            <\/a>\n                    <\/div>\n    <\/div>\n<\/article>\n<article role=\"article\" id=\"post-2057\" class=\"post-2057 post type-post status-publish format-standard has-post-thumbnail hentry category-conference\">\n    <div class=\"article__inner\">\n                    <figure class=\"article__image\">\n                <a href=\"https:\/\/politeia.unimi.it\/en\/2023\/10\/11\/spaces-in-the-greek-world\/\" title=\"Link to Spaces in the Greek world\">\n                    <img loading=\"lazy\" decoding=\"async\" width=\"360\" height=\"150\" src=\"https:\/\/politeia.unimi.it\/wp-content\/uploads\/sites\/34\/2023\/10\/spaces-360x150.jpg\" class=\"attachment-thumbnail size-thumbnail wp-post-image\" alt=\"\" \/>                <\/a>\n            <\/figure>\n                <div class=\"article__content\">\n\n                            <span class=\"article__type\">\n                                                            Conference                <\/span>\n            \n            \n                        <div class=\"article__title\"><a href=\"https:\/\/politeia.unimi.it\/en\/2023\/10\/11\/spaces-in-the-greek-world\/\">Spaces in the Greek world<\/a><\/div>\n            <p>Universidad Aut\u00f3noma de Madrid 29-30 novembre &#8211; 1 dicembre 2023 Facultad de Filosof\u00eda y Letras (Sal\u00f3n de Actos) GIOVANNI INGARAO (Universit\u00e0 degli studi di Cagliari) &#8220;Gli spazi dellla cittadinanza nella...<\/p>\n            <a class=\"more__link\" href=\"https:\/\/politeia.unimi.it\/en\/2023\/10\/11\/spaces-in-the-greek-world\/\" aria-label=\"Read more\">\n                Read more            <\/a>\n                    <\/div>\n    <\/div>\n<\/article>\n<article role=\"article\" id=\"post-2074\" class=\"post-2074 post type-post status-publish format-standard has-post-thumbnail hentry category-conference\">\n    <div class=\"article__inner\">\n                    <figure class=\"article__image\">\n                <a href=\"https:\/\/politeia.unimi.it\/en\/2023\/06\/28\/workshop-prin-2020\/\" title=\"Link to Workshop PRIN 2020\">\n                    <img loading=\"lazy\" decoding=\"async\" width=\"360\" height=\"150\" src=\"https:\/\/politeia.unimi.it\/wp-content\/uploads\/sites\/34\/2023\/06\/Workshop_11_12_7_23_immagine-360x150.png\" class=\"attachment-thumbnail size-thumbnail wp-post-image\" alt=\"\" \/>                <\/a>\n            <\/figure>\n                <div class=\"article__content\">\n\n                            <span class=\"article__type\">\n                                                            Conference                <\/span>\n            \n            \n                        <div class=\"article__title\"><a href=\"https:\/\/politeia.unimi.it\/en\/2023\/06\/28\/workshop-prin-2020\/\">Workshop PRIN 2020<\/a><\/div>\n            <p>University of Milan (11\u201312 July 2023) Tuesday, 11 July, 2:30 PM, Aula M402, Via Santa Sofia Wednesday, 12 July, 9:00 AM, Aula M401, Via Santa Sofia Workshop PRIN 2020 \u201cSharing...<\/p>\n            <a class=\"more__link\" href=\"https:\/\/politeia.unimi.it\/en\/2023\/06\/28\/workshop-prin-2020\/\" aria-label=\"Read more\">\n                Read more            <\/a>\n                    <\/div>\n    <\/div>\n<\/article>\n<\/div><div class=\"pagination\">\n\t<ul>\n\t\t            <li><span aria-current=\"page\" class=\"page-numbers current\">1<\/span><\/li>\n<li><a class=\"page-numbers\" href=\"https:\/\/politeia.unimi.it\/en\/wp-json\/wp\/v2\/pages\/1748?inner_nav=2\">2<\/a><\/li>\n<li><a class=\"next page-numbers\" href=\"https:\/\/politeia.unimi.it\/en\/wp-json\/wp\/v2\/pages\/1748?inner_nav=2\">Next &raquo;<\/a><\/li>\t\t\t<\/ul>\n<\/div>\n\n","protected":false},"excerpt":{"rendered":"","protected":false},"author":3,"featured_media":0,"parent":0,"menu_order":-80,"comment_status":"closed","ping_status":"closed","template":"","meta":{"_acf_changed":false,"footnotes":""},"class_list":["post-1748","page","type-page","status-publish","hentry"],"acf":[],"_links":{"self":[{"href":"https:\/\/politeia.unimi.it\/en\/wp-json\/wp\/v2\/pages\/1748"}],"collection":[{"href":"https:\/\/politeia.unimi.it\/en\/wp-json\/wp\/v2\/pages"}],"about":[{"href":"https:\/\/politeia.unimi.it\/en\/wp-json\/wp\/v2\/types\/page"}],"author":[{"embeddable":true,"href":"https:\/\/politeia.unimi.it\/en\/wp-json\/wp\/v2\/users\/3"}],"replies":[{"embeddable":true,"href":"https:\/\/politeia.unimi.it\/en\/wp-json\/wp\/v2\/comments?post=1748"}],"version-history":[{"count":2,"href":"https:\/\/politeia.unimi.it\/en\/wp-json\/wp\/v2\/pages\/1748\/revisions"}],"predecessor-version":[{"id":1994,"href":"https:\/\/politeia.unimi.it\/en\/wp-json\/wp\/v2\/pages\/1748\/revisions\/1994"}],"wp:attachment":[{"href":"https:\/\/politeia.unimi.it\/en\/wp-json\/wp\/v2\/media?parent=1748"}],"curies":[{"name":"wp","href":"https:\/\/api.w.org\/{rel}","templated":true}]}}