{"id":335,"date":"2022-02-14T10:52:01","date_gmt":"2022-02-14T09:52:01","guid":{"rendered":"https:\/\/politeia.wpmultisite.unimi.it\/?page_id=335"},"modified":"2025-07-31T17:47:54","modified_gmt":"2025-07-31T15:47:54","slug":"publications","status":"publish","type":"page","link":"https:\/\/politeia.unimi.it\/en\/publications\/","title":{"rendered":"Publications"},"content":{"rendered":"\n<h4 class=\"wp-block-heading\">2025<\/h4>\n\n\n\n<ul class=\"wp-block-list\">\n<li>Bearzot\u00a0C.- Tuci P.A., <em>Forme di partecipazione alternativa in Isocrate<\/em>, \u00abErga\/Logoi\u00bb\u00a012.2, 2025 (Atti del Convegno internazionale &#8220;Teoria e prassi della cittadinanza nel mondo greco&#8221;, Milano, Universit\u00e0 Cattolica del Sacro Cuore, 1-2 luglio 2024), (forthcoming)<\/li>\n<\/ul>\n\n\n\n<ul class=\"wp-block-list\">\n<li>Bultrighini, I. &#8220;Forme di integrazione dei non cittadini nella comunit\u00e0 civica ateniese di et\u00e0 classica: il caso dei trierarchi&#8221;, \u00abErga\/Logoi\u00bb\u00a012.2, 2025 (Atti del Convegno internazionale &#8220;Teoria e prassi della cittadinanza nel mondo greco&#8221;, Milano, Universit\u00e0 Cattolica del Sacro Cuore, 1-2 luglio 2024), (forthcoming)<\/li>\n<\/ul>\n\n\n\n<ul class=\"wp-block-list\">\n<li>Carusi C., <em>Soci in affari: \u03ba\u03bf\u03b9\u03bd\u03c9\u03bd\u1f30\u03b1\u03b9 \u03ba\u03bf\u03b9\u03bd\u03c9\u03bd\u03bf\u03af nell&#8217;Atene di et\u00e0 classica<\/em>, \u00abErga\/Logoi\u00bb&nbsp;12.1, 2025, 25-67<\/li>\n<\/ul>\n\n\n\n<ul class=\"wp-block-list\">\n<li>Erdas D., <em>Protezioni legali sulla terra nelle clausole di accesso alla cittadinanza: osservazioni preliminari<\/em>, in S. De Vido, A. Esposito, A. Pollini, C. Weber-Pallez (dir.), <em>TeMAES I. Territoires multiples. Espaces, d\u00e9finitions, exp\u00e9riences dans le monde grec (VII-Ie si\u00e8cle av. J.Chr.)<\/em>, Bordeaux, 2025, (forthcoming)<\/li>\n<\/ul>\n\n\n\n<ul class=\"wp-block-list\">\n<li>Erdas D., <em>Redistribuzioni di terre nei giuramenti di cittadini tra aspirazione all&#8217;uguaglianza e protezione della<\/em> politeia, in \u00abErga-Logoi\u00bb 12.2, 2025 (Atti del Convegno internazionale &#8220;Teoria e prassi della cittadinanza nel mondo greco&#8221;, Milano, Universit\u00e0 Cattolica del Sacro Cuore, 1-2 luglio 2024), (forthcoming)<\/li>\n<\/ul>\n\n\n\n<ul class=\"wp-block-list\">\n<li>Falco G.,\u00a0<em>Voices across the boundaries: Citizenship, Language and Ethnicity in Classical Athens and Hellenistic-Roman Delos<\/em>, \u00abErga\/Logoi\u00bb\u00a012.2, 2025 (Atti del Convegno internazionale &#8220;Teoria e prassi della cittadinanza nel mondo greco&#8221;, Milano, Universit\u00e0 Cattolica del Sacro Cuore, 1-2 luglio 2024), (forthcoming)<\/li>\n<\/ul>\n\n\n\n<ul class=\"wp-block-list\">\n<li>Faraguna, M., <em>Aristotele, la polis, il cittadino: prospettive storiche e filosofiche<\/em>, in M. Canevaro-C. Zizza (edd.), <em>Aristotele. La <\/em>Politica<em>. Guida<\/em>, Roma, L\u2019Erma di Bretschneider, 2025, 215-246.<\/li>\n<\/ul>\n\n\n\n<ul class=\"wp-block-list\">\n<li>Faraguna M.,\u00a0<em>Citizenship in the Greek Polis: An Institutional Approach<\/em>, in M. Canevaro, M. Barbato (eds.),\u00a0<em>Rediscovering Greek Institutional History<\/em>, Edinburgh, Edinburgh University Press, 2025, 111-131 (forthcoming).<\/li>\n<\/ul>\n\n\n\n<ul class=\"wp-block-list\">\n<li>Faraguna, M., <em>Terra, <\/em>polis<em> e cittadinanza nella <\/em>Politica<em> di Aristotele<\/em>, in HABRA. <em>Scritti in memoria di Clara Talamo<\/em>, Alessandria, Edizioni Dell\u2019Orso, 2025 (forthcoming)<\/li>\n<\/ul>\n\n\n\n<ul class=\"wp-block-list\">\n<li>Loddo L., <em>The Discourse of the Ancestral Constitution in the Early Hellenistic Period<\/em>, in M. Canevaro, M. Barbato, A. Esu (eds.),&nbsp;<em>Rediscovering Greek Institutional History<\/em>, Edinburgh, Edinburgh University Press, c.d.s. 2025, 65-90.<\/li>\n<\/ul>\n\n\n\n<ul class=\"wp-block-list\">\n<li>Loddo, L., <em>Humanitarian Rhetoric and Deservingness in the Democratic Discourse on Refugees: The<\/em> <em>Example of Classical Athens<\/em>, in B. Battistin Sebastiani \u2013 Z. Guo (eds.), <em>(Im)migrants and Democracy: Ancient and Modern<\/em>, London, Isegoria Publishing, c.d.s. 2025.<\/li>\n<\/ul>\n\n\n\n<ul class=\"wp-block-list\">\n<li>Magnetto A., <em>Lo statuto dei neocittadini negli accordi di sinecismo<\/em>, sympoliteia <em>e<\/em> isopoliteia,  in \u00abErga-Logoi\u00bb 12.2, 2025 (Atti del Convegno internazionale &#8220;Teoria e prassi della cittadinanza nel mondo greco&#8221;, Milano, Universit\u00e0 Cattolica del Sacro Cuore, 1-2 luglio 2024), c.d.s.<\/li>\n<\/ul>\n\n\n\n<ul class=\"wp-block-list\">\n<li>Poddighe, E. <em>I teti e la citt\u00e0 nella Politica di Aristotele: modelli storici di politeia<\/em>, en\u00a0<em>La polis, l\u2019ethos, il pathos e il logos. Ricerche di filosofia pratica aristotelica<\/em>, ed. M.E. De Luna, Milano<em>, Mimesis<\/em>\u00a0Edizioni (forthcoming).<\/li>\n<\/ul>\n\n\n\n<ul class=\"wp-block-list\">\n<li>Poddighe,&nbsp;E. <em>Dal governo della citt\u00e0 al governo del mondo?Il rapporto tra Aristotele e Alessandro negli studi di Hans Kelsen e Victor Ehrenberg<\/em>&nbsp;in G. Ottone, B. Savo, B. Battistin Sebastiani (eds.), \u201cChanging the Greek World. Scenari di trasformazione nel secolo di Alessandro\u201d, serie Humanitas \u2013 Supplementum, Impensa da Universidade de Coimbra, Coimbra 2025 (forthcoming)<\/li>\n<\/ul>\n\n\n\n<h4 class=\"wp-block-heading\">2024<\/h4>\n\n\n\n<ul class=\"wp-block-list\">\n<li>Erdas D., <em>Le comunit\u00e0 civiche di Magna Grecia fino al V sec. a.C. tra rappresentanza politica, controllo della cittadinanza e magistrature<\/em>, in \u00abRaRe\u00bb 24, 2024, 211-233<\/li>\n<\/ul>\n\n\n\n<ul class=\"wp-block-list\">\n<li>Falco G., <em>Polit\u0113s\/politis, astos e metoikos: il lessico della cittadinanza nel teatro ateniese di V secolo a. C.<\/em>, \u00abHormos\u00bb 16, 2024, 133-200<\/li>\n<\/ul>\n\n\n\n<ul class=\"wp-block-list\">\n<li>Faraguna, M., <em>Land and Citizenship in the Greek Polis: Real Property, Public Control, and Institutionalisation<\/em>, \u00abDike\u00bb 27 (2024), 121-174.<\/li>\n<\/ul>\n\n\n\n<ul class=\"wp-block-list\">\n<li>Ingarao G., <em>Gli spazi della cittadinanza nella Contro Eubulide di Demostene (Dem. 57)<\/em>, in M.M. Bianco, N. Cusumano, G. Ingarao (eds.), <em>Storia, Retorica e ideologia. Ricerche sul mondo antico<\/em>, Palermo, Palermo University Press, 2024, 59-76<\/li>\n<\/ul>\n\n\n\n<ul class=\"wp-block-list\">\n<li>Loddo L., <em>Considerazioni su isotimia e cittadinanza in alcuni decreti tessalici<\/em>, \u00abDike\u00bb 27, 2024, 243-274.<\/li>\n<\/ul>\n\n\n\n<ul class=\"wp-block-list\">\n<li>Loddo L., recens. a P. Autino, <em>Stefano e Neera. Storia di una coppia ateniese di 2400 anni fa<\/em>, (Viterbo 2023), \u00abErga-Logoi\u00bb 12, 2024, https:\/\/www.ledonline.it\/Erga-Logoi\/allegati\/Erga-Logoi-12-1-2024-recLoddo.pdf<\/li>\n<\/ul>\n\n\n\n<ul class=\"wp-block-list\">\n<li>Poddighe E.,&nbsp;<em>A Reading on Xenophon\u2019s Hiero (2.8-16; 6.7-10): Citizens and War in the Tyrant\u2019s Discourse<\/em>, in M. Garcia Sanchez (ed.),&nbsp;<em>Jenofonte, Historiador y Fil\u00f3sofo<\/em> &nbsp;Monografico I. Araucaria, 57, 2024, 245-267  https:\/\/revistascientificas.us.es\/index.php\/araucaria     <\/li>\n<\/ul>\n\n\n\n<ul class=\"wp-block-list\">\n<li>Poddighe E.<em>, Il problema della responsabilit\u00e0 politica nella discussione di Aristotele sulla cittadinanza<\/em>, in M. Garcia Sanchez,&nbsp;L. Sancho Rocher&nbsp;(eds.),&nbsp;<em>Democracias, Ley e Instituciones (Antiguas y Modernas)<\/em>, Madrid 2024, 139-163.&nbsp;<\/li>\n<\/ul>\n\n\n\n<ul class=\"wp-block-list\">\n<li>Poddighe, E. \u201cAlessandro, Aristotele e l\u2019unit\u00e0 dell\u2019impero: per uno stato dell\u2019arte fra ricezione di Alessandro e critica aristotelica\u201d in F. Piccioni, E. Poddighe, T. Pontillo (eds.),&nbsp;<em>La ricezione dell&#8217;ultimo Alessandro. Mirabilia e violenza al di qua e al di l\u00e0 dell&#8217;Indo<\/em>,&nbsp;Beitr\u00e4ge zur Altertumskunde, De Gruyter, Berlin, Boston 2024, 3-25.<\/li>\n<\/ul>\n\n\n\n<h4 class=\"wp-block-heading\">2023<\/h4>\n\n\n\n<ul class=\"wp-block-list\">\n<li>Faraguna M., <em>Atene, gli alleati e l\u2019impero: <\/em>symbolai<em> e <\/em>symbola<em> tra V e IV secolo<\/em>, \u00abDike\u00bb 26, 2023, 127-162<\/li>\n<\/ul>\n\n\n\n<ul class=\"wp-block-list\">\n<li><em>Rendere giustizia agli stranieri nella Grecia antica. A cinquant\u2019anni dalla pubblicazione dei <\/em>Symbola<em> di Philippe Gauthier<\/em> (eds. M. Faraguna, A. Maffi, P. Scheibelreiter), sezione tematica comprendente 5 articoli, \u00abDike\u00bb 26, 2023, 7-193<\/li>\n<\/ul>\n\n\n\n<ul class=\"wp-block-list\">\n<li>M. Faraguna, <em>Territorio della polis e statuti giuridici e amministrativi della terra: terminologia, concetti, problemi<\/em>, in D. Rousset, P. Derron (eds.), <em>Les concepts de la g\u00e9ographie grecque<\/em>, Vandoeuvres, 22-26 agosto 2022 (68<sup>e<\/sup> Entretiens de la Fondation Hardt), Vandoeuvres, Fondation Hardt, 2023, 213-265<\/li>\n<\/ul>\n\n\n\n<ul class=\"wp-block-list\">\n<li>Faraguna M., recens. a J.B. Meister, <em>\u2018Adel\u2019 und gesellschaftliche Differenzierung im archaischen und fr\u00fchklassischen Griechenland <\/em>(Stuttgart 2020), \u00abRFIC\u00bb 151, 2023, 245-252<\/li>\n<\/ul>\n\n\n\n<ul class=\"wp-block-list\">\n<li>Loddo L., <em>Rules for the Reception of Exiles in the Treaty between Sinope and Heraclea Pontica (I.Sinope 1)<\/em>, The Classical Quarterly 73.1,  2023, https:\/\/www.cambridge.org\/core\/journals\/classical-quarterly\/article\/abs\/rules-for-the-reception-of-exiles-in-the-treaty-between-sinope-and-heraclea-pontica-isinope-1\/02A082FC28FDD05DE4917B7DF9842428<\/li>\n<\/ul>\n\n\n\n<ul class=\"wp-block-list\">\n<li>Poddighe E., <em>Politica e democrazia nella riflessione di Aristotele sulla cittadinanza. Il contributo di Leo Strauss,<\/em> in C. Fornis, M. Garc\u00eda S\u00e1nchez, L. Sancho Rocher (eds.), <em>La democracia griega y sus int\u00e9rpretes in la tradici\u00f3n occidental,<\/em> Madrid 2023, T\u00e9cnos ed., 471-504<\/li>\n<\/ul>\n\n\n\n<ul class=\"wp-block-list\">\n<li>Poddighe E., <em>The Athenians\u2019 Oaths to Use \u201cWhatever Laws Solon Should Make\u201d and to Change Nothing for Ten Years: Should we Believe Herodotus\u2019 Account?<\/em>, in E. Poddighe, T. Pontillo (eds.), <em>Resisting and Justifying Changes II: Testifying and Legitimizing Innovation in Indian and Ancient Greek Culture<\/em>, Nuova Biblioteca di Studi classici e orientali, vol 7, Pisa University Press, Pisa 2023, 283-330<\/li>\n<\/ul>\n\n\n\n<ul class=\"wp-block-list\">\n<li>Tuci P.A., <em>La crusca e la farina. Attualit\u00e0 del pensiero di Philippe Gauthier sui meteci<\/em>, \u00abDike\u00bb 26, 2023, 101-126<\/li>\n<\/ul>\n\n\n\n<h4 class=\"wp-block-heading\">2022<\/h4>\n\n\n\n<ul class=\"wp-block-list\">\n<li>Loddo L., Poddighe E.,&nbsp;<em>Ephesis against Eubulides (Dem. 57):&nbsp; Legal Arguments against the Sykophant\u2019s Game,&nbsp;<\/em>Dike 25, 2022, 95-150<\/li>\n<\/ul>\n\n\n\n<ul class=\"wp-block-list\">\n<li>Loddo L., <em>I rifugiati politici nella Grecia classica<\/em>, Serie Introduzioni, Bologna, Il Mulino, 2022.<\/li>\n<\/ul>\n\n\n\n<ul class=\"wp-block-list\">\n<li>Loddo L., <em>Between Tyranny and Democracy: Political Exiles and the History of Heraclea Pontica<\/em>, Erga\/Logoi<em> <\/em>10.2, 2022, 155-182<\/li>\n<\/ul>\n\n\n\n<ul class=\"wp-block-list\">\n<li>Poddighe E.,&nbsp;<em>Politeia in Aristotle\u2019s Political Theory and Historical Research <\/em>(co- edited with F. Pezzoli), \u00abMonogr\u00e1ficos de Araucaria. Revista Iberoamericana de Filosof\u00eda, Pol\u00edtica, Humanidades y Relaciones Internacionales\u00bb, I, 2022<\/li>\n<\/ul>\n\n\n\n<ul class=\"wp-block-list\">\n<li>Poddighe E.,&nbsp;<em>Politeia and the historical account of the polis in Aristotle, <\/em>in&nbsp;F. Pezzoli, E. Poddighe (eds.), \u00abMonogr\u00e1ficos de Araucaria. Revista Iberoamericana de Filosof\u00eda, Pol\u00edtica, Humanidades y Relaciones Internacionales\u00bb, I, 2022, 1-29<\/li>\n<\/ul>\n\n\n\n<h4 class=\"wp-block-heading\">2021<\/h4>\n\n\n\n<ul class=\"wp-block-list\">\n<li>Erdas D.,&nbsp;<em>I&nbsp;<\/em>nautodikai<em>. Note su una magistratura ateniese tra cause di&nbsp;<\/em>xenia<em>&nbsp;e giurisdizione sugli&nbsp;<\/em>emporoi, Dike 24, 2021, 33-62<\/li>\n<\/ul>\n\n\n\n<p><\/p>\n","protected":false},"excerpt":{"rendered":"<p>2025 2024 2023 2022 2021<\/p>\n","protected":false},"author":3,"featured_media":0,"parent":0,"menu_order":-70,"comment_status":"closed","ping_status":"closed","template":"","meta":{"_acf_changed":false,"footnotes":""},"class_list":["post-335","page","type-page","status-publish","hentry"],"acf":[],"_links":{"self":[{"href":"https:\/\/politeia.unimi.it\/en\/wp-json\/wp\/v2\/pages\/335"}],"collection":[{"href":"https:\/\/politeia.unimi.it\/en\/wp-json\/wp\/v2\/pages"}],"about":[{"href":"https:\/\/politeia.unimi.it\/en\/wp-json\/wp\/v2\/types\/page"}],"author":[{"embeddable":true,"href":"https:\/\/politeia.unimi.it\/en\/wp-json\/wp\/v2\/users\/3"}],"replies":[{"embeddable":true,"href":"https:\/\/politeia.unimi.it\/en\/wp-json\/wp\/v2\/comments?post=335"}],"version-history":[{"count":6,"href":"https:\/\/politeia.unimi.it\/en\/wp-json\/wp\/v2\/pages\/335\/revisions"}],"predecessor-version":[{"id":2010,"href":"https:\/\/politeia.unimi.it\/en\/wp-json\/wp\/v2\/pages\/335\/revisions\/2010"}],"wp:attachment":[{"href":"https:\/\/politeia.unimi.it\/en\/wp-json\/wp\/v2\/media?parent=335"}],"curies":[{"name":"wp","href":"https:\/\/api.w.org\/{rel}","templated":true}]}}